{"id":60,"date":"2022-11-05T17:52:03","date_gmt":"2022-11-05T17:52:03","guid":{"rendered":"https:\/\/www.maltelindberg.ch\/?page_id=60"},"modified":"2026-01-02T20:40:12","modified_gmt":"2026-01-02T20:40:12","slug":"karriere","status":"publish","type":"page","link":"https:\/\/www.maltelindberg.ch\/?page_id=60","title":{"rendered":"Karriere"},"content":{"rendered":"\n<p><\/p>\n\n\n\n<p><strong>CEO<\/strong><br>W\u00fcrth Leasing AG<br>Oktober 2024 \u2013 aktuelle Position<\/p>\n\n\n\n<p>Leitung W\u00fcrth Leasing AG in der Schweiz. Strategische Neuausrichtung, Digitalisierung aller Prozesse sowie Einf\u00fchrung einer neuen Kultur.<\/p>\n\n\n\n<p><strong>Head Leasing, Corporate Banking Switzerland<\/strong><br>Credit Suisse (Schweiz) AG<br>September 2021 \u2013 September 2024<\/p>\n\n\n\n<p>Leitung und Weiterentwicklung des Bereichs Leasing (Investitionsg\u00fcterleasing und Strukturierte Finanzierungen) im Bereich Corporate Banking der Credit Suisse (Schweiz) AG.<\/p>\n\n\n\n<p><strong>Head Leasing Services, Corporate Banking Switzerland<\/strong><br>Credit Suisse (Schweiz) AG<br>Mai 2020 \u2013 August 2021<\/p>\n\n\n\n<p>Head Leasing Services im Bereich Corporate Banking. Verantwortlich f\u00fcr die Bereiche Client Advisory, Produkt Management und Marketing, Accounting und Controlling sowie Risk.<\/p>\n\n\n\n<p><strong>Chief Sales Officer<\/strong><br>JobMatchMe GmbH<br>November 2018 \u2013 April 2020<\/p>\n\n\n\n<p>Aufbau des Vertriebs, aller Strukturen sowie Aufbau und Training des Vertriebsteams. Internationalisierung des Vertriebs.<\/p>\n\n\n\n<p>Aufbau der Strukturen f\u00fcr die Finanzplanung und Steuerung. Einf\u00fchrung eines skalierbaren Buchhaltung- und Reportingsystems. Sicherstellung der operativen Organisation.<\/p>\n\n\n\n<p><strong>Head of Consulting &amp; Corporate Vehicle Observatory (CVO)<\/strong><br>Arval (Switzerland) AG<br>Juli 2016 \u2013 Oktober 2018<\/p>\n\n\n\n<p>Leitung der Beratung in den Bereichen Strategie, Kostensenkung, \u00c4nderungen steuerlicher-, rechtlicher- oder bilanzieller Rahmenbedingungen, Datenschutz und Compliance, Einkauf und Prozessoptimierung. Interne Leitung von Sonderprojekten. Mitglied des Europ\u00e4ischen Consultingboards in Paris sowie des Europ\u00e4ischen Steering-Komitees IFRS 16.<\/p>\n\n\n\n<p>Leitung der Marktbefragung\/Research. Pr\u00e4sentation und Publikation von Ergebnissen der CVO Marktbefragung. Vortr\u00e4ge und Fachbeitr\u00e4ge zu aktuellen Themen im Bereich Mobilit\u00e4t, Leasing, Digitalisierung, Nachhaltigkeit, Finanzdienstleistungen und Datenschutz. Keynote Speaker f\u00fcr Branchentagungen und Kundenveranstaltungen.<\/p>\n\n\n\n<p><strong>Marketing &amp; Key Solutions Leader (Mitglied der Gesch\u00e4ftsf\u00fchrung)<\/strong><br>GE Capital Switzerland<br>November 2014&nbsp;\u2013&nbsp;Juni 2016<\/p>\n\n\n\n<p>Leitung des Marketingbereichs. Definition der strategischen Ausrichtung und Value Proposition. Verantwortung f\u00fcr Branding, Advertising, Communication, CRM und Research, den Marketing Plan, strategische Marktplanung sowie Verwaltung und Kontrolle des Marketingbudgets.<\/p>\n\n\n\n<p>Leitung des Beratungsbereichs. Beratung von Kunden in den Bereichen Strategie, Kostensenkung, \u00c4nderungen von steuerlicher, rechtlicher oder bilanzieller Rahmenbedingungen, Datenschutz und Compliance, Einkauf und Prozessoptimierung.<\/p>\n\n\n\n<p>Teil der Gruppe um die Due-Diligence f\u00fcr den Verkauf von GE Capital Switzerland an die BNP Paribas \/ Arval (Schweiz) AG vorzubereiten. Mentor f\u00fcr aufstrebende Talente.<\/p>\n\n\n\n<p><strong>Strategic Marketing Manager<\/strong><br>GE Capital Germany<br>Januar 2012&nbsp;\u2013&nbsp;Oktober 2014<\/p>\n\n\n\n<p>Verantwortlich f\u00fcr die Produkte und Services unter den Aspekten Preis, Profitabilit\u00e4t, Attraktivit\u00e4t am Markt und Weiterentwicklung. Entwicklung und Markteinf\u00fchrung neuer Produkte wie beispielsweise Corporate Carsharing, Schadenmanagement f\u00fcr Fahrzeuge anderer Leasinggesellschaften oder Kauffahrzeuge und andere.<\/p>\n\n\n\n<p>Verhandlung mit Dienstleistern, Ausarbeitung der Vertr\u00e4ge und KPIs sowie Koordination der Implementierung im Rahmen von Recht und Compliance.<\/p>\n\n\n\n<p>Digitalisierung von Produkten wie beispielsweise dem Fahrzeugkonfigurator und der digitalen Verwaltungsplattform, Reportings und Applikationen f\u00fcr mobile Ger\u00e4te.<\/p>\n\n\n\n<p>Leitung von internationalen Projekten wie beispielsweise zur Analyse von M\u00e4rkten und Wettbewerben sowie Ableitung von Handlungsempfehlungen oder Business Case zur Einf\u00fchrung von Electric Vehicles im Flottenleasingmarkt unter Einbezug von Ladeinfrastruktur.<\/p>\n\n\n\n<p><strong>Key Solutions Manager Germany<\/strong><br>GE Capital Germany<br>April 2011&nbsp;\u2013&nbsp;Dezember 2011<\/p>\n\n\n\n<p>Beratung von Kunden in Deutschland und Europa. Flottenanalysen und Handlungsempfehlungen nach DMAIC, Lean und Six-Sigma. Umsetzung und Messung der Ergebnisse beispielsweise anhand der Kriterien Kosteneinsparung, CO2-Reduktion, Effizienzsteigerung oder Mitarbeitermotivation.<\/p>\n\n\n\n<p>Entwicklung von massgeschneiderten L\u00f6sungen, Services und Produkten in Zusammenarbeit mit dem Key Account und Vetrieb.<\/p>\n\n\n\n<p>Projekt-Management und Leitung von Projekten f\u00fcr Sonderanfragen.<\/p>\n\n\n\n<p><strong>Associate Sales Representative<\/strong><br>GE Capital Germany<br>April 2010&nbsp;\u2013&nbsp;M\u00e4rz 2011<\/p>\n\n\n\n<p>Mitarbeit an Abteilungs- und L\u00e4nder\u00fcbergreifenden Projekten.<br>Marktrecherche und Erstellung von Reportings und Handlungsempfehlungen.<br>Analyse interner Prozesse, Ableitung von Verbesserungsvorschl\u00e4gen und Umsetzung.<br>Programmierung verschiedener Tools in VBA.<\/p>\n\n\n\n<p><strong>Selbstst\u00e4ndiger Unternehmer, Managing Director<\/strong><br>PACTEC GmbH<br>Juni 2009&nbsp;\u2013&nbsp;Dezember 2009<\/p>\n\n\n\n<p>W\u00e4hrend des Studiums Ausgr\u00fcndung der PACTEC GmbH mit 28 Mitarbeitern. Entwicklung und Bau von Verpackungsmaschinen f\u00fcr die Getr\u00e4nke- und Lebensmittelindustrie wie beispielsweise Tray-Verpackungen f\u00fcr Bier oder Abf\u00fcllung von Gem\u00fcsebrei in Gl\u00e4ser.<\/p>\n\n\n\n<p><strong>Selbstst\u00e4ndiger Unternehmer, Managing Director<\/strong><br>FILLTEC GmbH<br>September 2008&nbsp;\u2013&nbsp;Dezember 2009<\/p>\n\n\n\n<p>W\u00e4hrend des Studiums Ausgr\u00fcndung der FILLTEC GmbH mit 15 Mitarbeitern. \u00dcbernahme und Sanierung eines ehemaligen Betriebes in Ost-Deutschland. Bau von Hochleistungsf\u00fcllern die \u00fcberwiegend nach Ost-Europa, Russland und in den Nahen Osten exportiert wurden.<\/p>\n\n\n\n<p><\/p>\n","protected":false},"excerpt":{"rendered":"<p>CEOW\u00fcrth Leasing AGOktober 2024 \u2013 aktuelle Position Leitung W\u00fcrth Leasing AG in der Schweiz. Strategische Neuausrichtung, Digitalisierung aller Prozesse sowie Einf\u00fchrung einer neuen Kultur. Head Leasing, Corporate Banking SwitzerlandCredit Suisse (Schweiz) AGSeptember 2021 \u2013 September 2024 Leitung und Weiterentwicklung des Bereichs Leasing (Investitionsg\u00fcterleasing und Strukturierte Finanzierungen) im Bereich Corporate Banking der Credit Suisse (Schweiz) AG. Head Leasing Services, Corporate Banking SwitzerlandCredit Suisse (Schweiz) AGMai 2020 \u2013 August 2021 Head Leasing Services im Bereich Corporate Banking. Verantwortlich f\u00fcr die Bereiche Client Advisory, Produkt Management und Marketing, Accounting und Controlling sowie Risk. Chief Sales OfficerJobMatchMe GmbHNovember 2018 \u2013 April 2020 Aufbau des&#8230;<\/p>\n<div class=\"more-link-wrapper\"><a class=\"more-link\" href=\"https:\/\/www.maltelindberg.ch\/?page_id=60\">Weiterlesen<span class=\"screen-reader-text\">Karriere<\/span><\/a><\/div>\n","protected":false},"author":1,"featured_media":0,"parent":0,"menu_order":0,"comment_status":"closed","ping_status":"closed","template":"","meta":{"iawp_total_views":27,"footnotes":""},"class_list":["post-60","page","type-page","status-publish","hentry","entry"],"_links":{"self":[{"href":"https:\/\/www.maltelindberg.ch\/index.php?rest_route=\/wp\/v2\/pages\/60","targetHints":{"allow":["GET"]}}],"collection":[{"href":"https:\/\/www.maltelindberg.ch\/index.php?rest_route=\/wp\/v2\/pages"}],"about":[{"href":"https:\/\/www.maltelindberg.ch\/index.php?rest_route=\/wp\/v2\/types\/page"}],"author":[{"embeddable":true,"href":"https:\/\/www.maltelindberg.ch\/index.php?rest_route=\/wp\/v2\/users\/1"}],"replies":[{"embeddable":true,"href":"https:\/\/www.maltelindberg.ch\/index.php?rest_route=%2Fwp%2Fv2%2Fcomments&post=60"}],"version-history":[{"count":7,"href":"https:\/\/www.maltelindberg.ch\/index.php?rest_route=\/wp\/v2\/pages\/60\/revisions"}],"predecessor-version":[{"id":255,"href":"https:\/\/www.maltelindberg.ch\/index.php?rest_route=\/wp\/v2\/pages\/60\/revisions\/255"}],"wp:attachment":[{"href":"https:\/\/www.maltelindberg.ch\/index.php?rest_route=%2Fwp%2Fv2%2Fmedia&parent=60"}],"curies":[{"name":"wp","href":"https:\/\/api.w.org\/{rel}","templated":true}]}}