{"id":62,"date":"2022-11-05T17:51:55","date_gmt":"2022-11-05T17:51:55","guid":{"rendered":"https:\/\/www.maltelindberg.ch\/?page_id=62"},"modified":"2022-11-20T16:46:55","modified_gmt":"2022-11-20T16:46:55","slug":"blog-2","status":"publish","type":"page","link":"https:\/\/www.maltelindberg.ch\/?page_id=62","title":{"rendered":"Blog"},"content":{"rendered":"<ul class=\"wp-block-latest-posts__list has-dates wp-block-latest-posts\"><li><a class=\"wp-block-latest-posts__post-title\" href=\"https:\/\/www.maltelindberg.ch\/?p=206\">Neue Chancen f\u00fcr die Schweizer Unternehmensfinanzierung: Die Einf\u00fchrung der Mobiliarhypothek<\/a><time datetime=\"2024-08-15T12:28:59+00:00\" class=\"wp-block-latest-posts__post-date\">15. August 2024<\/time><div class=\"wp-block-latest-posts__post-excerpt\">Eine bahnbrechende Neuerung hat gute Chancen, dass Leasing in der Schweiz noch innovativer zu machen: die Mobiliarhypothek. Dabei handelt es sich um einen Vorschlag von St\u00e4nderat Beat Rieder, der noch in der Diskussion ist. Diese rechtliche Innovation w\u00fcrde es Unternehmen erm\u00f6glichen, bewegliche G\u00fcter wie Maschinen oder Fahrzeuge als Sicherheiten f\u00fcr Kredite zu nutzen, \u00e4hnlich einer Immobilienhypothek. Besonders profitieren w\u00fcrden KMU und Start-ups, indem sie leichter Zugang zu g\u00fcnstigeren Finanzierungen erhalten, was Innovation und Wachstum f\u00f6rdert. Die Schaffung eines digitalen Registers f\u00fcr diese Sicherheiten verspricht Transparenz und Effizienz, st\u00e4rkt den Finanzmarkt und unterst\u00fctzt Unternehmen, die auf kreislauff\u00e4hige und nachhaltige Modelle setzen.&#8230;<div class=\"more-link-wrapper\"><a class=\"more-link\" href=\"https:\/\/www.maltelindberg.ch\/?p=206\">Weiterlesen<span class=\"screen-reader-text\">Neue Chancen f\u00fcr die Schweizer Unternehmensfinanzierung: Die Einf\u00fchrung der Mobiliarhypothek<\/span><\/a><\/div><\/div><\/li>\n<li><a class=\"wp-block-latest-posts__post-title\" href=\"https:\/\/www.maltelindberg.ch\/?p=176&#038;lang=en\">Preparing for uncertain times<\/a><time datetime=\"2022-11-20T16:49:36+00:00\" class=\"wp-block-latest-posts__post-date\">20. November 2022<\/time><div class=\"wp-block-latest-posts__post-excerpt\">Technology accelerator Y Combinator (early investor in Stripe, Dropbox, AirBnB and many more) sent a message to all companies in their portfolio last year. The advice can be adopted for most companies this year as well. Greetings YC Founders, During this week we\u2019ve done office hours with a large number of YC companies.&nbsp; They reached out to ask whether they should change their plans around spending, runway, hiring, and funding rounds based on the current state of public markets. What we\u2019ve told them is that economic downturns often become huge opportunities for the founders who quickly change their mindset, plan&#8230;<div class=\"more-link-wrapper\"><a class=\"more-link\" href=\"https:\/\/www.maltelindberg.ch\/?p=176&#038;lang=en\">Weiterlesen<span class=\"screen-reader-text\">Preparing for uncertain times<\/span><\/a><\/div><\/div><\/li>\n<li><a class=\"wp-block-latest-posts__post-title\" href=\"https:\/\/www.maltelindberg.ch\/?p=165\">Vorbereitung auf unsichere Zeiten<\/a><time datetime=\"2022-11-06T08:31:59+00:00\" class=\"wp-block-latest-posts__post-date\">6. November 2022<\/time><div class=\"wp-block-latest-posts__post-excerpt\">Der Technologie Accelerator Y Combinator (early Investor in Stripe, Dropbox, AirBnB und viele mehr) hat letztes Jahr eine Nachricht an alle Firmen in ihrem Portfolio geschickt. Die Ratschl\u00e4ge k\u00f6nnen auch dieses Jahr f\u00fcr die meisten Firmen \u00fcbernommen werden: Greetings YC Founders, During this week we\u2019ve done office hours with a large number of YC companies.&nbsp; They reached out to ask whether they should change their plans around spending, runway, hiring, and funding rounds based on the current state of public markets. What we\u2019ve told them is that economic downturns often become huge opportunities for the founders who quickly change their&#8230;<div class=\"more-link-wrapper\"><a class=\"more-link\" href=\"https:\/\/www.maltelindberg.ch\/?p=165\">Weiterlesen<span class=\"screen-reader-text\">Vorbereitung auf unsichere Zeiten<\/span><\/a><\/div><\/div><\/li>\n<\/ul>","protected":false},"excerpt":{"rendered":"","protected":false},"author":1,"featured_media":0,"parent":0,"menu_order":0,"comment_status":"closed","ping_status":"closed","template":"","meta":{"iawp_total_views":35,"footnotes":""},"class_list":["post-62","page","type-page","status-publish","hentry","entry"],"_links":{"self":[{"href":"https:\/\/www.maltelindberg.ch\/index.php?rest_route=\/wp\/v2\/pages\/62","targetHints":{"allow":["GET"]}}],"collection":[{"href":"https:\/\/www.maltelindberg.ch\/index.php?rest_route=\/wp\/v2\/pages"}],"about":[{"href":"https:\/\/www.maltelindberg.ch\/index.php?rest_route=\/wp\/v2\/types\/page"}],"author":[{"embeddable":true,"href":"https:\/\/www.maltelindberg.ch\/index.php?rest_route=\/wp\/v2\/users\/1"}],"replies":[{"embeddable":true,"href":"https:\/\/www.maltelindberg.ch\/index.php?rest_route=%2Fwp%2Fv2%2Fcomments&post=62"}],"version-history":[{"count":5,"href":"https:\/\/www.maltelindberg.ch\/index.php?rest_route=\/wp\/v2\/pages\/62\/revisions"}],"predecessor-version":[{"id":174,"href":"https:\/\/www.maltelindberg.ch\/index.php?rest_route=\/wp\/v2\/pages\/62\/revisions\/174"}],"wp:attachment":[{"href":"https:\/\/www.maltelindberg.ch\/index.php?rest_route=%2Fwp%2Fv2%2Fmedia&parent=62"}],"curies":[{"name":"wp","href":"https:\/\/api.w.org\/{rel}","templated":true}]}}